{"id":12,"date":"2013-04-05T17:54:05","date_gmt":"2013-04-05T17:54:05","guid":{"rendered":"http:\/\/personal.filhin.es\/?page_id=12"},"modified":"2018-12-07T23:30:16","modified_gmt":"2018-12-07T23:30:16","slug":"nosotros","status":"publish","type":"page","link":"https:\/\/personal.filhin.es\/en\/nosotros\/","title":{"rendered":"Nosotros"},"content":{"rendered":"<p>Hace mucho que nos apetece mostrar material que no tiene nada que ver con nuestra actividad en <strong><a title=\"FILHIN - Historias inolvidables\" href=\"http:\/\/filhin.es\">FILHIN<\/a><\/strong> y que no ten\u00edamos claro d\u00f3nde encajar. <a title=\"FILHIN - Historias personales\" href=\"http:\/\/personal.filhin.es\"><strong>FILHIN &#8211; Historias personales<\/strong><\/a> nace como soporte para esas <strong>historias<\/strong>\u00a0que tenemos guardadas y que rara vez hemos publicado o siquiera ense\u00f1ado en un c\u00edrculo \u00edntimo. No tienen un objetivo m\u00e1s all\u00e1 de encaminar nuestra necesidad creativa y de compartirlas con otras personas.<\/p>\n<p>Adem\u00e1s, es muy necesario para un fot\u00f3grafo desarrollar su propio lenguaje al margen de proyectos conjuntos, experimentar sin reglas, sin plazos, sin restricciones ni consensos.<\/p>\n<p>Poco a poco iremos colgando historias parcial o totalmente, aunque no nos exigimos ninguna frecuencia. Al ser un espacio para el disfrute personal, no existen las prisas ni las obligaciones. Esperamos que nuestras obras sean de vuestro agrado.<\/p>\n<h2>Contacto<\/h2>\n<p>Contacta con nosotros a trav\u00e9s de los siguientes medios:<\/p>\n<ul>\n<li><a href=\"http:\/\/fb.me\/tengofilhin\">Facebook<\/a><\/li>\n<li><a href=\"http:\/\/twitter.com\/tengofilhin\">Twitter<\/a><strong>\n<\/strong><\/li>\n<li><a href=\"m&#97;&#x69;&#x6c;t&#111;&#58;&#x69;&#x6e;f&#111;&#64;&#x66;&#x69;l&#104;&#x69;&#x6e;&#x2e;e&#115;\">Email<\/a><\/li>\n<\/ul>\n<p>Nos encanta conversar y conocer las opiniones de nuestros visitantes casuales y habituales.<\/p>\n<!-- AddThis Advanced Settings generic via filter on the_content --><!-- AddThis Share Buttons generic via filter on the_content -->","protected":false},"excerpt":{"rendered":"<p>Hace mucho que nos apetece mostrar material que no tiene nada que ver con nuestra actividad en FILHIN y que no ten\u00edamos claro d\u00f3nde encajar. FILHIN &#8211; Historias personales nace como soporte para esas historias\u00a0que tenemos guardadas y que rara <a href=\"https:\/\/personal.filhin.es\/en\/nosotros\/\"> Read more&#8230;<\/a><!-- AddThis Advanced Settings generic via filter on get_the_excerpt --><!-- AddThis Share Buttons generic via filter on get_the_excerpt --><\/p>\n","protected":false},"author":1,"featured_media":1475,"parent":0,"menu_order":0,"comment_status":"closed","ping_status":"closed","template":"","meta":{"rop_custom_images_group":[],"rop_custom_messages_group":[],"rop_publish_now":"initial","rop_publish_now_accounts":{"facebook_100000599057930_100000599057930":""},"rop_publish_now_history":[],"rop_publish_now_status":"pending","footnotes":""},"coauthors":[33],"class_list":["post-12","page","type-page","status-publish","has-post-thumbnail","hentry"],"_links":{"self":[{"href":"https:\/\/personal.filhin.es\/en\/wp-json\/wp\/v2\/pages\/12","targetHints":{"allow":["GET"]}}],"collection":[{"href":"https:\/\/personal.filhin.es\/en\/wp-json\/wp\/v2\/pages"}],"about":[{"href":"https:\/\/personal.filhin.es\/en\/wp-json\/wp\/v2\/types\/page"}],"author":[{"embeddable":true,"href":"https:\/\/personal.filhin.es\/en\/wp-json\/wp\/v2\/users\/1"}],"replies":[{"embeddable":true,"href":"https:\/\/personal.filhin.es\/en\/wp-json\/wp\/v2\/comments?post=12"}],"version-history":[{"count":7,"href":"https:\/\/personal.filhin.es\/en\/wp-json\/wp\/v2\/pages\/12\/revisions"}],"predecessor-version":[{"id":1476,"href":"https:\/\/personal.filhin.es\/en\/wp-json\/wp\/v2\/pages\/12\/revisions\/1476"}],"wp:featuredmedia":[{"embeddable":true,"href":"https:\/\/personal.filhin.es\/en\/wp-json\/wp\/v2\/media\/1475"}],"wp:attachment":[{"href":"https:\/\/personal.filhin.es\/en\/wp-json\/wp\/v2\/media?parent=12"}],"wp:term":[{"taxonomy":"author","embeddable":true,"href":"https:\/\/personal.filhin.es\/en\/wp-json\/wp\/v2\/coauthors?post=12"}],"curies":[{"name":"wp","href":"https:\/\/api.w.org\/{rel}","templated":true}]}}